{"id":8,"date":"2021-07-29T11:55:12","date_gmt":"2021-07-29T14:55:12","guid":{"rendered":"http:\/\/adelsonsouza.com.br\/site\/?page_id=8"},"modified":"2026-01-15T19:43:33","modified_gmt":"2026-01-15T22:43:33","slug":"pagina-principal","status":"publish","type":"page","link":"https:\/\/adelsonsouza.com.br\/site\/","title":{"rendered":"P\u00e1gina principal"},"content":{"rendered":"\r\n<center><!-- BEGINS: AUTO-GENERATED MUSES RADIO PLAYER CODE -->\r\n OU\u00c7A AO VIVO A NOSSA WEBR\u00c1DIO<br>\r\n<script type=\"text\/javascript\" src=\"https:\/\/hosted.muses.org\/mrp.js\"><\/script>\r\n<script type=\"text\/javascript\">\r\nMRP.insert({\r\n'url':'https:\/\/s35.maxcast.com.br:9197\/live',\r\n'lang':'pt',\r\n'codec':'mp3',\r\n'volume':92,\r\n'autoplay':false,\r\n'forceHTML5':true,\r\n'jsevents':true,\r\n'buffering':0,\r\n'title':'R\u00e1dio Transforma\u00e7\u00e3o e Vida',\r\n'welcome':'Aperte o Play',\r\n'wmode':'transparent',\r\n'skin':'arvyskin',\r\n'width':600,\r\n'height':90\r\n});\r\n<\/script>\r\n<!-- ENDS: AUTO-GENERATED MUSES RADIO PLAYER CODE --><\/center>\r\n\r\n\r\n\r\n<div style=\"height:48px\" aria-hidden=\"true\" class=\"wp-block-spacer\"><\/div>\r\n\r\n\r\n\r\n<div class=\"wp-block-columns is-layout-flex wp-container-core-columns-is-layout-9d6595d7 wp-block-columns-is-layout-flex\">\r\n<div class=\"wp-block-column is-layout-flow wp-block-column-is-layout-flow\" style=\"flex-basis:75%\"><div  class=\"wp-block-ultimate-post-post-list-3 ultp-block-1dcdc8\"><div class=\"ultp-block-wrapper\"><div class=\"ultp-loading\"><div class=\"ultp-loading-blocks\" style=\"width:100%;height:100%;\"><div style=\"left: 0;top: 0;animation-delay:0s;\"><\/div><div style=\"left: 21px;top: 0;animation-delay:0.125s;\"><\/div><div style=\"left: 42px;top: 0;animation-delay:0.25s;\"><\/div><div style=\"left: 0;top: 21px;animation-delay:0.875s;\"><\/div><div style=\"left: 42px;top: 21px;animation-delay:0.375s;\"><\/div><div style=\"left: 0;top: 42px;animation-delay:0.75s;\"><\/div><div style=\"left: 42px;top: 42px;animation-delay:0.625s;\"><\/div><div style=\"left: 21px;top: 42px;animation-delay:0.5s;\"><\/div><\/div><\/div><div class=\"ultp-heading-filter\"><div class=\"ultp-heading-filter-in\"><div class=\"ultp-filter-navigation\"><\/div><\/div><\/div><div class=\"ultp-block-items-wrap ultp-block-row ultp-block-column-1 ultp-block-content-top ultp-layout1\"><div class=\"ultp-block-item ultp-block-media post-id-658\"><div class=\"ultp-block-content-wrap\"><div class=\"ultp-block-image ultp-block-image-zoomIn\"><a href=\"https:\/\/adelsonsouza.com.br\/site\/?p=658\" ><img decoding=\"async\" loading=\"lazy\"  alt=\"Gra\u00e7a Transformadora\"  src=\"https:\/\/adelsonsouza.com.br\/site\/wp-content\/uploads\/2021\/08\/226128365_580507116286743_6644512048255861343_n-2.jpg\" \/><\/a><\/div><div class=\"ultp-block-content\"><h3 class=\"ultp-block-title\"><a href=\"https:\/\/adelsonsouza.com.br\/site\/?p=658\" >Gra\u00e7a Transformadora<\/a><\/h3><div class=\"ultp-block-excerpt\"><p>Gra\u00e7a e paz a todos os nossos irm\u00e3os em Cristo! Com esta sauda\u00e7\u00e3o de gostaria junto com todos os que nos acompanham sobre a abrang\u00eancia da gra\u00e7a de nosso Senhor ao nos proporcionar graciosamente miseric\u00f3rdia e justi\u00e7a, compaix\u00e3o e justi\u00e7a para que possamos aprender o temor que&hellip;<\/p>\n<\/div><div class=\"ultp-block-readmore\"><a href=\"https:\/\/adelsonsouza.com.br\/site\/?p=658\" >Leia mais<svg enable-background=\"new 0 0 476.213 476.213\" version=\"1.1\" viewBox=\"0 0 476.21 476.21\"><polygon points=\"345.61 107.5 324.39 128.71 418.79 223.11 0 223.11 0 253.11 418.79 253.11 324.39 347.5 345.61 368.71 476.21 238.11\"\/><\/svg><\/a><\/div><\/div><\/div><\/div><div class=\"ultp-block-item ultp-block-media post-id-648\"><div class=\"ultp-block-content-wrap\"><div class=\"ultp-block-image ultp-block-image-zoomIn\"><a href=\"https:\/\/adelsonsouza.com.br\/site\/?p=648\" ><img decoding=\"async\" loading=\"lazy\"  alt=\"Quais Vozes Temos Obedecido?\"  src=\"https:\/\/adelsonsouza.com.br\/site\/wp-content\/uploads\/2022\/08\/igr-ev-ob-lib-1.jpg\" \/><\/a><\/div><div class=\"ultp-block-content\"><h3 class=\"ultp-block-title\"><a href=\"https:\/\/adelsonsouza.com.br\/site\/?p=648\" >Quais Vozes Temos Obedecido?<\/a><\/h3><div class=\"ultp-block-excerpt\"><p>Saber falar \u00e9 algo relacionado ao Ser Humano. Falamos diariamente sobre quase tudo que nos interessa, especialmente em tempos de redes sociais e uma gama de aplicativos que dominam a exist\u00eancia de milh\u00f5es de pessoas em toda a terra; ao mesmo tempo em que influenciamos pessoas pelos&hellip;<\/p>\n<\/div><div class=\"ultp-block-readmore\"><a href=\"https:\/\/adelsonsouza.com.br\/site\/?p=648\" >Leia mais<svg enable-background=\"new 0 0 476.213 476.213\" version=\"1.1\" viewBox=\"0 0 476.21 476.21\"><polygon points=\"345.61 107.5 324.39 128.71 418.79 223.11 0 223.11 0 253.11 418.79 253.11 324.39 347.5 345.61 368.71 476.21 238.11\"\/><\/svg><\/a><\/div><\/div><\/div><\/div><div class=\"ultp-block-item ultp-block-media post-id-646\"><div class=\"ultp-block-content-wrap\"><div class=\"ultp-block-image ultp-block-image-zoomIn\"><a href=\"https:\/\/adelsonsouza.com.br\/site\/?p=646\" ><img decoding=\"async\" loading=\"lazy\"  alt=\"Chuva Cont\u00ednua em Muria\u00e9\"  src=\"https:\/\/adelsonsouza.com.br\/site\/wp-content\/uploads\/2021\/08\/adelson-768x948.jpg\" \/><\/a><\/div><div class=\"ultp-block-content\"><h3 class=\"ultp-block-title\"><a href=\"https:\/\/adelsonsouza.com.br\/site\/?p=646\" >Chuva Cont\u00ednua em Muria\u00e9<\/a><\/h3><div class=\"ultp-block-excerpt\"><p>As chuvas em Muria\u00e9 n\u00e3o param. Ao longo de toda a semana ocorreram pancadas de chuvas cont\u00ednuas, o que provocou o alerta da defesa civil, juntamente com todas as autoridades da cidade por causa dos riscos de influ\u00eancias de encostas, barrancos e das cheias do Rio Muria\u00e9;&hellip;<\/p>\n<\/div><div class=\"ultp-block-readmore\"><a href=\"https:\/\/adelsonsouza.com.br\/site\/?p=646\" >Leia mais<svg enable-background=\"new 0 0 476.213 476.213\" version=\"1.1\" viewBox=\"0 0 476.21 476.21\"><polygon points=\"345.61 107.5 324.39 128.71 418.79 223.11 0 223.11 0 253.11 418.79 253.11 324.39 347.5 345.61 368.71 476.21 238.11\"\/><\/svg><\/a><\/div><\/div><\/div><\/div><div class=\"ultp-block-item ultp-block-media post-id-637\"><div class=\"ultp-block-content-wrap\"><div class=\"ultp-block-image ultp-block-image-zoomIn\"><a href=\"https:\/\/adelsonsouza.com.br\/site\/?p=637\" ><img decoding=\"async\" loading=\"lazy\"  alt=\"Todos os Dias Uma Palavra de F\u00c9 para o seu cora\u00e7\u00e3o\"  src=\"https:\/\/adelsonsouza.com.br\/site\/wp-content\/uploads\/2021\/09\/225849007_580530549617733_4687248659814574312_n-768x534.jpg\" \/><\/a><\/div><div class=\"ultp-block-content\"><h3 class=\"ultp-block-title\"><a href=\"https:\/\/adelsonsouza.com.br\/site\/?p=637\" >Todos os Dias Uma Palavra de F\u00c9 para o seu cora\u00e7\u00e3o<\/a><\/h3><div class=\"ultp-block-excerpt\"><p>DEUS trata todos os dias com o ser humano. ELE fala, mostra, indica, aponta, confronta, orienta, aconselha, direciona, e sempre est\u00e1 \u00e0 frente de tudo o que podemos fazer. Entretanto, o ser humano, que \u00e9 o ser a quem DEUS fala todos os dias se apresenta individualmente&hellip;<\/p>\n<\/div><div class=\"ultp-block-readmore\"><a href=\"https:\/\/adelsonsouza.com.br\/site\/?p=637\" >Leia mais<svg enable-background=\"new 0 0 476.213 476.213\" version=\"1.1\" viewBox=\"0 0 476.21 476.21\"><polygon points=\"345.61 107.5 324.39 128.71 418.79 223.11 0 223.11 0 253.11 418.79 253.11 324.39 347.5 345.61 368.71 476.21 238.11\"\/><\/svg><\/a><\/div><\/div><\/div><\/div><div class=\"ultp-block-item ultp-block-media post-id-616\"><div class=\"ultp-block-content-wrap\"><div class=\"ultp-block-image ultp-block-image-zoomIn\"><a href=\"https:\/\/adelsonsouza.com.br\/site\/?p=616\" ><img decoding=\"async\" loading=\"lazy\"  alt=\"Reflex\u00f5es e Inquieta\u00e7\u00f5es\"  src=\"https:\/\/adelsonsouza.com.br\/site\/wp-content\/uploads\/2024\/12\/LULA-HADDAD-39441787_1885641681522198_8024659751306526720_n.png\" \/><\/a><\/div><div class=\"ultp-block-content\"><h3 class=\"ultp-block-title\"><a href=\"https:\/\/adelsonsouza.com.br\/site\/?p=616\" >Reflex\u00f5es e Inquieta\u00e7\u00f5es<\/a><\/h3><div class=\"ultp-block-excerpt\"><p>&nbsp; Cortinas de fuma\u00e7a s\u00e3o o cotidiano em nosso pa\u00eds. E olha que n\u00e3o \u00e9 apenas por causa do governo Bolsonaro. Muito pelo contr\u00e1rio, o governo atual tamb\u00e9m se desvia de assuntos que afetam a maior parte da popula\u00e7\u00e3o, os conceitos discursivos s\u00e3o diversificados; para esconder a&hellip;<\/p>\n<\/div><div class=\"ultp-block-readmore\"><a href=\"https:\/\/adelsonsouza.com.br\/site\/?p=616\" >Leia mais<svg enable-background=\"new 0 0 476.213 476.213\" version=\"1.1\" viewBox=\"0 0 476.21 476.21\"><polygon points=\"345.61 107.5 324.39 128.71 418.79 223.11 0 223.11 0 253.11 418.79 253.11 324.39 347.5 345.61 368.71 476.21 238.11\"\/><\/svg><\/a><\/div><\/div><\/div><\/div><\/div><div class=\"ultp-pagination-wrap ultp-pagination-ajax-action\" data-paged=\"1\" data-blockid=\"1dcdc8\" data-postid=\"8\" data-pages=\"22\" data-blockname=\"ultimate-post_post-list-3\" ><ul class=\"ultp-pagination\"><li class=\"ultp-prev-page-numbers\" style=\"display:none\"><a href=\"https:\/\/adelsonsouza.com.br\/site\/index.php?rest_route=%2Fwp%2Fv2%2Fpages%2F8\"><svg enable-background=\"new 0 0 477.175 477.175\" version=\"1.1\" viewBox=\"0 0 477.18 477.18\"><path d=\"m145.19 238.58 215.5-215.5c5.3-5.3 5.3-13.8 0-19.1s-13.8-5.3-19.1 0l-225.1 225.1c-5.3 5.3-5.3 13.8 0 19.1l225.1 225c2.6 2.6 6.1 4 9.5 4s6.9-1.3 9.5-4c5.3-5.3 5.3-13.8 0-19.1l-215.4-215.5z\"\/><\/svg> Anterior<\/a><\/li><li class=\"ultp-first-pages\" style=\"display:none\" data-current=\"1\"><a href=\"https:\/\/adelsonsouza.com.br\/site\/index.php?rest_route=%2Fwp%2Fv2%2Fpages%2F8\">1<\/a><\/li><li class=\"ultp-first-dot\" style=\"display:none\"><a href=\"#\">&#8230;<\/a><\/li><li class=\"ultp-center-item pagination-active\" data-current=\"1\"><a href=\"https:\/\/adelsonsouza.com.br\/site\/index.php?rest_route=%2Fwp%2Fv2%2Fpages%2F8\">1<\/a><\/li><li class=\"ultp-center-item\" data-current=\"2\"><a href=\"https:\/\/adelsonsouza.com.br\/site\/index.php?rest_route=%2Fwp%2Fv2%2Fpages%2F8&#038;paged=2\">2<\/a><\/li><li class=\"ultp-center-item\" data-current=\"3\"><a href=\"https:\/\/adelsonsouza.com.br\/site\/index.php?rest_route=%2Fwp%2Fv2%2Fpages%2F8&#038;paged=3\">3<\/a><\/li><li class=\"ultp-last-dot\" ><a href=\"#\">&#8230;<\/a><\/li><li class=\"ultp-last-pages\"  data-current=\"22\"><a href=\"https:\/\/adelsonsouza.com.br\/site\/index.php?rest_route=%2Fwp%2Fv2%2Fpages%2F8&#038;paged=22\">22<\/a><\/li><li class=\"ultp-next-page-numbers\"><a href=\"https:\/\/adelsonsouza.com.br\/site\/index.php?rest_route=%2Fwp%2Fv2%2Fpages%2F8&#038;paged=2\">Pr\u00f3xima<svg enable-background=\"new 0 0 477.175 477.175\" version=\"1.1\" viewBox=\"0 0 477.18 477.18\"><path d=\"m360.73 229.08-225.1-225.1c-5.3-5.3-13.8-5.3-19.1 0s-5.3 13.8 0 19.1l215.5 215.5-215.5 215.5c-5.3 5.3-5.3 13.8 0 19.1 2.6 2.6 6.1 4 9.5 4s6.9-1.3 9.5-4l225.1-225.1c5.3-5.2 5.3-13.8 0.1-19z\"\/><\/svg><\/a><\/li><\/ul><\/div><\/div><\/div><\/div>\r\n\r\n\r\n\r\n<div class=\"wp-block-column is-vertically-aligned-top is-layout-flow wp-block-column-is-layout-flow\" style=\"flex-basis:30%\"><a href=\"https:\/\/www.youtube.com\/channel\/UCReVcSlK2UnKNPAfZ6eqa1Q\"><img decoding=\"async\" loading=\"lazy\" src=\"https:\/\/adelsonsouza.com.br\/site\/wp-content\/uploads\/2021\/08\/adelson-1.png\" alt=\"\"  srcset=\"https:\/\/adelsonsouza.com.br\/site\/wp-content\/uploads\/2021\/08\/adelson-1.png 300w, https:\/\/adelsonsouza.com.br\/site\/wp-content\/uploads\/2021\/08\/adelson-1-288x300.png 288w\" sizes=\"auto, (max-width: 300px) 100vw, 300px\" width=\"300\" height=\"312\"   \/><\/a><div style=\"float: right; \" id=\"adels-902070630\"><img decoding=\"async\" loading=\"lazy\" src=\"https:\/\/adelsonsouza.com.br\/site\/wp-content\/uploads\/2024\/11\/jr-locacoes.jpg\" alt=\"\"  srcset=\"https:\/\/adelsonsouza.com.br\/site\/wp-content\/uploads\/2024\/11\/jr-locacoes.jpg 960w, https:\/\/adelsonsouza.com.br\/site\/wp-content\/uploads\/2024\/11\/jr-locacoes-300x300.jpg 300w, https:\/\/adelsonsouza.com.br\/site\/wp-content\/uploads\/2024\/11\/jr-locacoes-150x150.jpg 150w, https:\/\/adelsonsouza.com.br\/site\/wp-content\/uploads\/2024\/11\/jr-locacoes-768x768.jpg 768w, https:\/\/adelsonsouza.com.br\/site\/wp-content\/uploads\/2024\/11\/jr-locacoes-600x600.jpg 600w\" sizes=\"auto, (max-width: 960px) 100vw, 960px\" width=\"960\" height=\"960\"   \/><\/div><img decoding=\"async\" loading=\"lazy\" src=\"https:\/\/adelsonsouza.com.br\/site\/wp-content\/uploads\/2021\/08\/arte-em-ladrilhos.png\" alt=\"\"  width=\"300\" height=\"161\"   \/><img decoding=\"async\" loading=\"lazy\" src=\"https:\/\/adelsonsouza.com.br\/site\/wp-content\/uploads\/2024\/10\/Autoescola-Ivo-Vardioro-1_page-0001.jpg\" alt=\"\"  srcset=\"https:\/\/adelsonsouza.com.br\/site\/wp-content\/uploads\/2024\/10\/Autoescola-Ivo-Vardioro-1_page-0001.jpg 1275w, https:\/\/adelsonsouza.com.br\/site\/wp-content\/uploads\/2024\/10\/Autoescola-Ivo-Vardioro-1_page-0001-232x300.jpg 232w, https:\/\/adelsonsouza.com.br\/site\/wp-content\/uploads\/2024\/10\/Autoescola-Ivo-Vardioro-1_page-0001-791x1024.jpg 791w, https:\/\/adelsonsouza.com.br\/site\/wp-content\/uploads\/2024\/10\/Autoescola-Ivo-Vardioro-1_page-0001-768x994.jpg 768w, https:\/\/adelsonsouza.com.br\/site\/wp-content\/uploads\/2024\/10\/Autoescola-Ivo-Vardioro-1_page-0001-1187x1536.jpg 1187w\" sizes=\"auto, (max-width: 1275px) 100vw, 1275px\" width=\"1275\" height=\"1650\"   \/><img decoding=\"async\" loading=\"lazy\" src=\"https:\/\/adelsonsouza.com.br\/site\/wp-content\/uploads\/2024\/11\/ricardo-marum-download.jpg\" alt=\"\"  srcset=\"https:\/\/adelsonsouza.com.br\/site\/wp-content\/uploads\/2024\/11\/ricardo-marum-download.jpg 225w, https:\/\/adelsonsouza.com.br\/site\/wp-content\/uploads\/2024\/11\/ricardo-marum-download-150x150.jpg 150w\" sizes=\"auto, (max-width: 225px) 100vw, 225px\" width=\"225\" height=\"225\"   \/><img decoding=\"async\" loading=\"lazy\" src=\"https:\/\/adelsonsouza.com.br\/site\/wp-content\/uploads\/2024\/12\/espetinho-300586342_372893891723893_2332770637356350721_n.png\" alt=\"\"  srcset=\"https:\/\/adelsonsouza.com.br\/site\/wp-content\/uploads\/2024\/12\/espetinho-300586342_372893891723893_2332770637356350721_n.png 828w, https:\/\/adelsonsouza.com.br\/site\/wp-content\/uploads\/2024\/12\/espetinho-300586342_372893891723893_2332770637356350721_n-300x114.png 300w, https:\/\/adelsonsouza.com.br\/site\/wp-content\/uploads\/2024\/12\/espetinho-300586342_372893891723893_2332770637356350721_n-768x292.png 768w\" sizes=\"auto, (max-width: 828px) 100vw, 828px\" width=\"700\" height=\"700\"   \/><img decoding=\"async\" loading=\"lazy\" src=\"https:\/\/adelsonsouza.com.br\/site\/wp-content\/uploads\/2024\/12\/gold-468979405_1094225199369929_6315030733542398037_n.jpg\" alt=\"\"  srcset=\"https:\/\/adelsonsouza.com.br\/site\/wp-content\/uploads\/2024\/12\/gold-468979405_1094225199369929_6315030733542398037_n.jpg 1080w, https:\/\/adelsonsouza.com.br\/site\/wp-content\/uploads\/2024\/12\/gold-468979405_1094225199369929_6315030733542398037_n-300x300.jpg 300w, https:\/\/adelsonsouza.com.br\/site\/wp-content\/uploads\/2024\/12\/gold-468979405_1094225199369929_6315030733542398037_n-1024x1024.jpg 1024w, https:\/\/adelsonsouza.com.br\/site\/wp-content\/uploads\/2024\/12\/gold-468979405_1094225199369929_6315030733542398037_n-150x150.jpg 150w, https:\/\/adelsonsouza.com.br\/site\/wp-content\/uploads\/2024\/12\/gold-468979405_1094225199369929_6315030733542398037_n-768x768.jpg 768w, https:\/\/adelsonsouza.com.br\/site\/wp-content\/uploads\/2024\/12\/gold-468979405_1094225199369929_6315030733542398037_n-600x600.jpg 600w\" sizes=\"auto, (max-width: 1080px) 100vw, 1080px\" width=\"500\" height=\"500\"   \/><img decoding=\"async\" loading=\"lazy\" src=\"https:\/\/adelsonsouza.com.br\/site\/wp-content\/uploads\/2024\/12\/302430066_509743391154060_3810132085061438559_n.jpg\" alt=\"\"  srcset=\"https:\/\/adelsonsouza.com.br\/site\/wp-content\/uploads\/2024\/12\/302430066_509743391154060_3810132085061438559_n.jpg 1750w, https:\/\/adelsonsouza.com.br\/site\/wp-content\/uploads\/2024\/12\/302430066_509743391154060_3810132085061438559_n-300x109.jpg 300w, https:\/\/adelsonsouza.com.br\/site\/wp-content\/uploads\/2024\/12\/302430066_509743391154060_3810132085061438559_n-1024x373.jpg 1024w, https:\/\/adelsonsouza.com.br\/site\/wp-content\/uploads\/2024\/12\/302430066_509743391154060_3810132085061438559_n-768x280.jpg 768w, https:\/\/adelsonsouza.com.br\/site\/wp-content\/uploads\/2024\/12\/302430066_509743391154060_3810132085061438559_n-1536x559.jpg 1536w\" sizes=\"auto, (max-width: 1750px) 100vw, 1750px\" width=\"1750\" height=\"1000\"   \/><img decoding=\"async\" loading=\"lazy\" src=\"https:\/\/adelsonsouza.com.br\/site\/wp-content\/uploads\/2021\/08\/lhs.png\" alt=\"\"  width=\"300\" height=\"168\"   \/><img decoding=\"async\" loading=\"lazy\" src=\"https:\/\/adelsonsouza.com.br\/site\/wp-content\/uploads\/2024\/12\/murivasos-282205124_141319831808633_3000893906495309156_n.jpg\" alt=\"\"  srcset=\"https:\/\/adelsonsouza.com.br\/site\/wp-content\/uploads\/2024\/12\/murivasos-282205124_141319831808633_3000893906495309156_n.jpg 526w, https:\/\/adelsonsouza.com.br\/site\/wp-content\/uploads\/2024\/12\/murivasos-282205124_141319831808633_3000893906495309156_n-300x300.jpg 300w, https:\/\/adelsonsouza.com.br\/site\/wp-content\/uploads\/2024\/12\/murivasos-282205124_141319831808633_3000893906495309156_n-150x150.jpg 150w\" sizes=\"auto, (max-width: 526px) 100vw, 526px\" width=\"500\" height=\"500\"   \/><img decoding=\"async\" loading=\"lazy\" src=\"https:\/\/adelsonsouza.com.br\/site\/wp-content\/uploads\/2024\/11\/reis-contabilidade.png\" alt=\"\"  srcset=\"https:\/\/adelsonsouza.com.br\/site\/wp-content\/uploads\/2024\/11\/reis-contabilidade.png 500w, https:\/\/adelsonsouza.com.br\/site\/wp-content\/uploads\/2024\/11\/reis-contabilidade-300x300.png 300w, https:\/\/adelsonsouza.com.br\/site\/wp-content\/uploads\/2024\/11\/reis-contabilidade-150x150.png 150w\" sizes=\"auto, (max-width: 500px) 100vw, 500px\" width=\"500\" height=\"500\"   \/><img decoding=\"async\" loading=\"lazy\" src=\"https:\/\/adelsonsouza.com.br\/site\/wp-content\/uploads\/2021\/08\/quadrangular.png\" alt=\"\"  srcset=\"https:\/\/adelsonsouza.com.br\/site\/wp-content\/uploads\/2021\/08\/quadrangular.png 300w, https:\/\/adelsonsouza.com.br\/site\/wp-content\/uploads\/2021\/08\/quadrangular-216x300.png 216w\" sizes=\"auto, (max-width: 300px) 100vw, 300px\" width=\"300\" height=\"416\"   \/>\r\n\r\n\r\n<figure class=\"wp-block-image size-full\"><a href=\"https:\/\/www.youtube.com\/@TVAdelsonSouza\"><img loading=\"lazy\" decoding=\"async\" width=\"477\" height=\"90\" src=\"http:\/\/adelsonsouza.com.br\/site\/wp-content\/uploads\/2023\/04\/botaoyoutube.jpg\" alt=\"\" class=\"wp-image-505\" srcset=\"https:\/\/adelsonsouza.com.br\/site\/wp-content\/uploads\/2023\/04\/botaoyoutube.jpg 477w, https:\/\/adelsonsouza.com.br\/site\/wp-content\/uploads\/2023\/04\/botaoyoutube-300x57.jpg 300w\" sizes=\"auto, (max-width: 477px) 100vw, 477px\" \/><\/a><\/figure>\r\n<\/div>\r\n<\/div>\r\n","protected":false},"excerpt":{"rendered":"<p>OU\u00c7A AO VIVO A NOSSA WEBR\u00c1DIO<\/p>\n","protected":false},"author":1,"featured_media":0,"parent":0,"menu_order":0,"comment_status":"closed","ping_status":"closed","template":"","meta":{"footnotes":""},"class_list":["post-8","page","type-page","status-publish","hentry"],"_links":{"self":[{"href":"https:\/\/adelsonsouza.com.br\/site\/index.php?rest_route=\/wp\/v2\/pages\/8","targetHints":{"allow":["GET"]}}],"collection":[{"href":"https:\/\/adelsonsouza.com.br\/site\/index.php?rest_route=\/wp\/v2\/pages"}],"about":[{"href":"https:\/\/adelsonsouza.com.br\/site\/index.php?rest_route=\/wp\/v2\/types\/page"}],"author":[{"embeddable":true,"href":"https:\/\/adelsonsouza.com.br\/site\/index.php?rest_route=\/wp\/v2\/users\/1"}],"replies":[{"embeddable":true,"href":"https:\/\/adelsonsouza.com.br\/site\/index.php?rest_route=%2Fwp%2Fv2%2Fcomments&post=8"}],"version-history":[{"count":21,"href":"https:\/\/adelsonsouza.com.br\/site\/index.php?rest_route=\/wp\/v2\/pages\/8\/revisions"}],"predecessor-version":[{"id":635,"href":"https:\/\/adelsonsouza.com.br\/site\/index.php?rest_route=\/wp\/v2\/pages\/8\/revisions\/635"}],"wp:attachment":[{"href":"https:\/\/adelsonsouza.com.br\/site\/index.php?rest_route=%2Fwp%2Fv2%2Fmedia&parent=8"}],"curies":[{"name":"wp","href":"https:\/\/api.w.org\/{rel}","templated":true}]}}